{"id":1022,"date":"2021-12-23T18:35:43","date_gmt":"2021-12-23T17:35:43","guid":{"rendered":"https:\/\/fppic.ch\/angeschlossene-arbeitgeber\/"},"modified":"2023-12-11T10:35:34","modified_gmt":"2023-12-11T09:35:34","slug":"angeschlossene-arbeitgeber","status":"publish","type":"page","link":"https:\/\/fppic.ch\/de\/portraet\/angeschlossene-arbeitgeber\/","title":{"rendered":"Angeschlossene Arbeitgeber"},"content":{"rendered":"<p>[et_pb_section fb_built=&#8220;1&#8243; _builder_version=&#8220;4.16&#8243; _module_preset=&#8220;default&#8220; custom_padding=&#8220;0px||0px||false|false&#8220; saved_tabs=&#8220;all&#8220; global_colors_info=&#8220;{}&#8220;][et_pb_row _builder_version=&#8220;4.16&#8243; _module_preset=&#8220;default&#8220; min_height=&#8220;280px&#8220; custom_margin=&#8220;|auto|0px|auto|false|false&#8220; custom_padding=&#8220;40px||50px||false|false&#8220; global_colors_info=&#8220;{}&#8220;][et_pb_column type=&#8220;4_4&#8243; _builder_version=&#8220;4.16&#8243; _module_preset=&#8220;default&#8220; global_colors_info=&#8220;{}&#8220;][et_pb_post_title meta=&#8220;off&#8220; featured_image=&#8220;off&#8220; _builder_version=&#8220;4.16&#8243; _module_preset=&#8220;default&#8220; title_font=&#8220;Poppins|600|||||||&#8220; title_text_color=&#8220;#9F0243&#8243; title_font_size=&#8220;37px&#8220; global_colors_info=&#8220;{}&#8220;][\/et_pb_post_title][et_pb_text _builder_version=&#8220;4.19.0&#8243; _module_preset=&#8220;default&#8220; text_font_size=&#8220;16px&#8220; hover_enabled=&#8220;0&#8243; global_colors_info=&#8220;{}&#8220; sticky_enabled=&#8220;0&#8243;]<\/p>\n<p>Die FPPIC versichert das Personal \u2013 Laien und Priester \u2013 der F\u00e9d\u00e9ration eccl\u00e9siastique catholique romaine des Kantons Waadt, der kirchlichen K\u00f6rperschaft des Kantons Freiburg, der Kasse f\u00fcr die Besoldung der Pfarreiseelsorger (Freiburg), der Pfarreien, Institutionen und Organisationen, die direkt oder indirekt im Dienst der r\u00f6misch-katholischen Kirche stehen und in der Di\u00f6zese von Lausanne, Genf und Freiburg oder auf dem Gebiet der Abtei Saint-Maurice (VS) t\u00e4tig sind.<\/p>\n<p>[\/et_pb_text][\/et_pb_column][\/et_pb_row][\/et_pb_section][et_pb_section fb_built=&#8220;1&#8243; specialty=&#8220;on&#8220; custom_padding_last_edited=&#8220;on|desktop&#8220; padding_top_2=&#8220;250px&#8220; padding_top_bottom_link_2=&#8220;false&#8220; padding_left_right_link_2=&#8220;false&#8220; padding_2_tablet=&#8220;0px||||false|false&#8220; padding_2_phone=&#8220;&#8220; padding_2_last_edited=&#8220;on|tablet&#8220; disabled_on=&#8220;off|off|off&#8220; admin_label=&#8220;Footer&#8220; _builder_version=&#8220;4.16&#8243; _module_preset=&#8220;default&#8220; use_background_color_gradient=&#8220;on&#8220; background_color_gradient_stops=&#8220;rgba(159,2,67,0.5) 0%|rgba(159,2,67,0.8) 100%&#8220; background_color_gradient_overlays_image=&#8220;on&#8220; background_color_gradient_start=&#8220;rgba(159,2,67,0.5)&#8220; background_color_gradient_end=&#8220;rgba(159,2,67,0.8)&#8220; background_image=&#8220;https:\/\/fppic.ch\/wp-content\/uploads\/2021\/12\/AdobeStock_104170773-1024&#215;576.jpeg&#8220; custom_padding=&#8220;3rem||3rem||true|false&#8220; custom_padding_tablet=&#8220;3rem||3rem||true|false&#8220; custom_padding_phone=&#8220;2rem||2rem||true|false&#8220; background_color_gradient_stops_tablet=&#8220;rgba(159,2,67,0.5) 0%|rgba(159,2,67,0.8) 100%&#8220; background_color_gradient_stops_phone=&#8220;rgba(159,2,67,0.5) 0%|rgba(159,2,67,0.8) 100%&#8220; global_module=&#8220;142&#8243; saved_tabs=&#8220;all&#8220; locked=&#8220;off&#8220; global_colors_info=&#8220;{}&#8220;][et_pb_column type=&#8220;2_3&#8243; specialty_columns=&#8220;2&#8243; _builder_version=&#8220;4.16&#8243; custom_padding=&#8220;|||&#8220; global_colors_info=&#8220;{}&#8220; custom_padding__hover=&#8220;|||&#8220;][et_pb_row_inner _builder_version=&#8220;4.16&#8243; _module_preset=&#8220;default&#8220; custom_padding=&#8220;0px|||||&#8220; global_colors_info=&#8220;{}&#8220;][et_pb_column_inner saved_specialty_column_type=&#8220;2_3&#8243; _builder_version=&#8220;4.16&#8243; _module_preset=&#8220;default&#8220; global_colors_info=&#8220;{}&#8220;][et_pb_text _builder_version=&#8220;4.16&#8243; _module_preset=&#8220;default&#8220; header_2_font=&#8220;Poppins|600|||||||&#8220; header_2_font_size=&#8220;40px&#8220; background_layout=&#8220;dark&#8220; header_2_font_size_tablet=&#8220;30px&#8220; header_2_font_size_phone=&#8220;24px&#8220; header_2_font_size_last_edited=&#8220;on|tablet&#8220; header_2_text_shadow_style=&#8220;preset3&#8243; locked=&#8220;off&#8220; global_colors_info=&#8220;{}&#8220;]<\/p>\n<h2>Wir sind da, wenn Sie uns brauchen<\/h2>\n<p>[\/et_pb_text][\/et_pb_column_inner][\/et_pb_row_inner][et_pb_row_inner column_structure=&#8220;1_2,1_2&#8243; use_custom_gutter=&#8220;on&#8220; gutter_width=&#8220;1&#8243; make_equal=&#8220;on&#8220; _builder_version=&#8220;4.16&#8243; _module_preset=&#8220;default&#8220; custom_padding=&#8220;0px||0px||true|false&#8220; animation_style=&#8220;flip&#8220; animation_direction=&#8220;top&#8220; animation_duration=&#8220;500ms&#8220; animation_intensity_flip=&#8220;10%&#8220; border_radii=&#8220;off|40px|||&#8220; border_radii_tablet=&#8220;&#8220; border_radii_phone=&#8220;off|20px|||&#8220; border_radii_last_edited=&#8220;on|phone&#8220; global_colors_info=&#8220;{}&#8220;][et_pb_column_inner type=&#8220;1_2&#8243; saved_specialty_column_type=&#8220;2_3&#8243; _builder_version=&#8220;4.16&#8243; _module_preset=&#8220;default&#8220; background_color=&#8220;#FFFFFF&#8220; custom_padding=&#8220;40px|30px|40px|30px|true|true&#8220; custom_padding_tablet=&#8220;30px|30px|30px|30px|true|true&#8220; custom_padding_phone=&#8220;20px|20px|20px|20px|true|true&#8220; custom_padding_last_edited=&#8220;on|phone&#8220; custom_css_main_element=&#8220;margin-right: 2px!important;&#8220; global_colors_info=&#8220;{}&#8220;][et_pb_blurb title=&#8220;E-Mail-Adresse&#8220; use_icon=&#8220;on&#8220; font_icon=&#8220;&#xe076;||divi||400&#8243; icon_color=&#8220;#9F0243&#8243; image_icon_width=&#8220;50px&#8220; content_max_width=&#8220;100%&#8220; _builder_version=&#8220;4.16&#8243; _module_preset=&#8220;default&#8220; header_font=&#8220;Work Sans||||||||&#8220; header_text_color=&#8220;#002725&#8243; header_font_size=&#8220;16px&#8220; header_line_height=&#8220;1.2em&#8220; body_font=&#8220;Poppins|600|||||||&#8220; body_text_color=&#8220;#002725&#8243; body_font_size=&#8220;20px&#8220; body_line_height=&#8220;1.6em&#8220; body_link_text_color=&#8220;#000000&#8243; text_orientation=&#8220;center&#8220; animation=&#8220;off&#8220; header_font_size_tablet=&#8220;&#8220; header_font_size_phone=&#8220;14px&#8220; header_font_size_last_edited=&#8220;on|phone&#8220; body_font_size_tablet=&#8220;18px&#8220; body_font_size_phone=&#8220;16px&#8220; body_font_size_last_edited=&#8220;on|phone&#8220; icon_font_size=&#8220;50px&#8220; locked=&#8220;off&#8220; global_colors_info=&#8220;{}&#8220;]<\/p>\n<p><a href=\"mailto:prevoyance@cath-vd.ch\">prevoyance@cath-vd.ch<\/a><\/p>\n<p>[\/et_pb_blurb][\/et_pb_column_inner][et_pb_column_inner type=&#8220;1_2&#8243; saved_specialty_column_type=&#8220;2_3&#8243; _builder_version=&#8220;4.16&#8243; _module_preset=&#8220;default&#8220; background_color=&#8220;#FFFFFF&#8220; custom_padding=&#8220;40px|30px|40px|30px|true|true&#8220; custom_padding_tablet=&#8220;30px|30px|30px|30px|true|true&#8220; custom_padding_phone=&#8220;20px|20px|20px|20px|true|true&#8220; custom_padding_last_edited=&#8220;on|phone&#8220; global_colors_info=&#8220;{}&#8220;][et_pb_blurb title=&#8220;Telefon&#8220; use_icon=&#8220;on&#8220; font_icon=&#8220;&#xe090;||divi||400&#8243; icon_color=&#8220;#9F0243&#8243; image_icon_width=&#8220;50px&#8220; content_max_width=&#8220;100%&#8220; _builder_version=&#8220;4.16&#8243; _module_preset=&#8220;default&#8220; header_font=&#8220;Work Sans||||||||&#8220; header_font_size=&#8220;16px&#8220; header_line_height=&#8220;1.2em&#8220; body_font=&#8220;Poppins|600|||||||&#8220; body_text_color=&#8220;#000000&#8243; body_font_size=&#8220;20px&#8220; body_line_height=&#8220;1.6em&#8220; body_link_text_color=&#8220;#000000&#8243; text_orientation=&#8220;center&#8220; animation=&#8220;off&#8220; header_font_size_tablet=&#8220;&#8220; header_font_size_phone=&#8220;14px&#8220; header_font_size_last_edited=&#8220;on|phone&#8220; body_font_size_tablet=&#8220;18px&#8220; body_font_size_phone=&#8220;16px&#8220; body_font_size_last_edited=&#8220;on|phone&#8220; icon_font_size=&#8220;50px&#8220; locked=&#8220;off&#8220; global_colors_info=&#8220;{}&#8220;]<\/p>\n<p><a href=\"Tel.:+41216132303\">021 613 23 03<\/a><\/p>\n<p>[\/et_pb_blurb][\/et_pb_column_inner][\/et_pb_row_inner][et_pb_row_inner column_structure=&#8220;1_2,1_2&#8243; use_custom_gutter=&#8220;on&#8220; gutter_width=&#8220;1&#8243; make_equal=&#8220;on&#8220; _builder_version=&#8220;4.16&#8243; _module_preset=&#8220;default&#8220; width=&#8220;100%&#8220; custom_margin=&#8220;2px||||false|false&#8220; custom_padding=&#8220;0px|0px|0px|0px|true|false&#8220; animation_style=&#8220;flip&#8220; animation_direction=&#8220;top&#8220; animation_duration=&#8220;500ms&#8220; animation_intensity_flip=&#8220;10%&#8220; border_radii=&#8220;off|||40px|&#8220; border_radii_tablet=&#8220;&#8220; border_radii_phone=&#8220;off|||20px|&#8220; border_radii_last_edited=&#8220;on|phone&#8220; global_colors_info=&#8220;{}&#8220;][et_pb_column_inner type=&#8220;1_2&#8243; saved_specialty_column_type=&#8220;2_3&#8243; _builder_version=&#8220;4.16&#8243; _module_preset=&#8220;default&#8220; background_color=&#8220;#FFFFFF&#8220; custom_padding=&#8220;40px|30px|40px|30px|true|true&#8220; custom_padding_tablet=&#8220;30px|30px|30px|30px|true|true&#8220; custom_padding_phone=&#8220;20px|20px|20px|20px|true|true&#8220; custom_padding_last_edited=&#8220;on|phone&#8220; custom_css_main_element=&#8220;margin-right: 2px!important;&#8220; global_colors_info=&#8220;{}&#8220;][et_pb_blurb title=&#8220;\u00d6ffnungszeiten&#8220; use_icon=&#8220;on&#8220; font_icon=&#8220;&#xe06b;||divi||400&#8243; icon_color=&#8220;#9F0243&#8243; image_icon_width=&#8220;50px&#8220; content_max_width=&#8220;100%&#8220; _builder_version=&#8220;4.16&#8243; _module_preset=&#8220;default&#8220; header_font=&#8220;Work Sans||||||||&#8220; header_font_size=&#8220;16px&#8220; header_line_height=&#8220;1.2em&#8220; body_font=&#8220;Poppins|600|||||||&#8220; body_text_color=&#8220;#000000&#8243; body_font_size=&#8220;20px&#8220; body_line_height=&#8220;1.6em&#8220; text_orientation=&#8220;center&#8220; animation=&#8220;off&#8220; header_font_size_tablet=&#8220;&#8220; header_font_size_phone=&#8220;14px&#8220; header_font_size_last_edited=&#8220;on|phone&#8220; body_font_size_tablet=&#8220;18px&#8220; body_font_size_phone=&#8220;16px&#8220; body_font_size_last_edited=&#8220;on|phone&#8220; icon_font_size=&#8220;50px&#8220; locked=&#8220;off&#8220; global_colors_info=&#8220;{}&#8220;]<\/p>\n<p>Montag bis Donnerstag<br \/>von 8.30 bis 11.30 Uhr<\/p>\n<p>[\/et_pb_blurb][\/et_pb_column_inner][et_pb_column_inner type=&#8220;1_2&#8243; saved_specialty_column_type=&#8220;2_3&#8243; _builder_version=&#8220;4.16&#8243; _module_preset=&#8220;default&#8220; background_color=&#8220;#FFFFFF&#8220; custom_padding=&#8220;40px|30px|40px|30px|true|true&#8220; custom_padding_tablet=&#8220;30px|30px|30px|30px|true|true&#8220; custom_padding_phone=&#8220;20px|20px|20px|20px|true|true&#8220; custom_padding_last_edited=&#8220;on|phone&#8220; global_colors_info=&#8220;{}&#8220;][et_pb_blurb title=&#8220;Postadresse&#8220; use_icon=&#8220;on&#8220; font_icon=&#8220;&#xe080;||divi||400&#8243; icon_color=&#8220;#9F0243&#8243; image_icon_width=&#8220;50px&#8220; content_max_width=&#8220;100%&#8220; _builder_version=&#8220;4.16&#8243; _module_preset=&#8220;default&#8220; header_font=&#8220;Work Sans||||||||&#8220; header_font_size=&#8220;16px&#8220; header_line_height=&#8220;1.2em&#8220; body_font=&#8220;Poppins|600|||||||&#8220; body_text_color=&#8220;#000000&#8243; body_font_size=&#8220;20px&#8220; body_line_height=&#8220;1.6em&#8220; text_orientation=&#8220;center&#8220; animation=&#8220;off&#8220; header_font_size_tablet=&#8220;&#8220; header_font_size_phone=&#8220;14px&#8220; header_font_size_last_edited=&#8220;on|phone&#8220; body_font_size_tablet=&#8220;18px&#8220; body_font_size_phone=&#8220;16px&#8220; body_font_size_last_edited=&#8220;on|phone&#8220; icon_font_size=&#8220;50px&#8220; locked=&#8220;off&#8220; global_colors_info=&#8220;{}&#8220;]<\/p>\n<p>Ch. des Mouettes 4<br \/>Postfach 600<br \/>1001 Lausanne<\/p>\n<p>[\/et_pb_blurb][\/et_pb_column_inner][\/et_pb_row_inner][\/et_pb_column][et_pb_column type=&#8220;1_3&#8243; _builder_version=&#8220;4.16&#8243; custom_padding=&#8220;|||&#8220; global_colors_info=&#8220;{}&#8220; custom_padding__hover=&#8220;|||&#8220;][et_pb_text _builder_version=&#8220;4.19.0&#8243; _module_preset=&#8220;default&#8220; text_font=&#8220;Work Sans||||||||&#8220; text_font_size=&#8220;16px&#8220; text_line_height=&#8220;2.2em&#8220; link_font=&#8220;||||on||||&#8220; link_text_color=&#8220;#ffffff&#8220; header_3_font=&#8220;Poppins|700|||||||&#8220; header_3_font_size=&#8220;18px&#8220; header_3_line_height=&#8220;1.4em&#8220; background_layout=&#8220;dark&#8220; text_font_size_tablet=&#8220;14px&#8220; text_font_size_phone=&#8220;&#8220; text_font_size_last_edited=&#8220;on|phone&#8220; text_line_height_tablet=&#8220;2.6em&#8220; text_line_height_phone=&#8220;&#8220; text_line_height_last_edited=&#8220;on|phone&#8220; header_3_font_size_tablet=&#8220;16px&#8220; header_3_font_size_phone=&#8220;14px&#8220; header_3_font_size_last_edited=&#8220;on|phone&#8220; locked=&#8220;off&#8220; global_colors_info=&#8220;{}&#8220;]<\/p>\n<h3>Direkte Links<\/h3>\n<p><a href=\"https:\/\/ecvd.sharepoint.com\/:b:\/s\/fppic\/EZdtaX-ZvS5DmPx2IiJ6InQBo8ioRzpAj0el2eVnb2CZwA\" target=\"_blank\" rel=\"noopener\">Vorsorgereglement 2023<\/a><br \/><a href=\"https:\/\/fppic.ch\/fr\/avertissements\/\">Datenschutz und Warnhinweis<\/a><br \/><a href=\"https:\/\/fppic.ch\/de\/kontakt\/\">Kontakt<\/a><\/p>\n<p>[\/et_pb_text][\/et_pb_column][\/et_pb_section]<\/p>\n","protected":false},"excerpt":{"rendered":"<p>Die FPPIC versichert das Personal \u2013 Laien und Priester \u2013 der F\u00e9d\u00e9ration eccl\u00e9siastique catholique romaine des Kantons Waadt, der kirchlichen K\u00f6rperschaft des Kantons Freiburg, der Kasse f\u00fcr die Besoldung der Pfarreiseelsorger (Freiburg), der Pfarreien, Institutionen und Organisationen, die direkt oder indirekt im Dienst der r\u00f6misch-katholischen Kirche stehen und in der Di\u00f6zese von Lausanne, Genf und [&hellip;]<\/p>\n","protected":false},"author":1,"featured_media":0,"parent":1043,"menu_order":4,"comment_status":"closed","ping_status":"closed","template":"","meta":{"_et_pb_use_builder":"on","_et_pb_old_content":"","_et_gb_content_width":"","footnotes":""},"class_list":["post-1022","page","type-page","status-publish","hentry"],"_links":{"self":[{"href":"https:\/\/fppic.ch\/de\/wp-json\/wp\/v2\/pages\/1022","targetHints":{"allow":["GET"]}}],"collection":[{"href":"https:\/\/fppic.ch\/de\/wp-json\/wp\/v2\/pages"}],"about":[{"href":"https:\/\/fppic.ch\/de\/wp-json\/wp\/v2\/types\/page"}],"author":[{"embeddable":true,"href":"https:\/\/fppic.ch\/de\/wp-json\/wp\/v2\/users\/1"}],"replies":[{"embeddable":true,"href":"https:\/\/fppic.ch\/de\/wp-json\/wp\/v2\/comments?post=1022"}],"version-history":[{"count":2,"href":"https:\/\/fppic.ch\/de\/wp-json\/wp\/v2\/pages\/1022\/revisions"}],"predecessor-version":[{"id":1024,"href":"https:\/\/fppic.ch\/de\/wp-json\/wp\/v2\/pages\/1022\/revisions\/1024"}],"up":[{"embeddable":true,"href":"https:\/\/fppic.ch\/de\/wp-json\/wp\/v2\/pages\/1043"}],"wp:attachment":[{"href":"https:\/\/fppic.ch\/de\/wp-json\/wp\/v2\/media?parent=1022"}],"curies":[{"name":"wp","href":"https:\/\/api.w.org\/{rel}","templated":true}]}}