{"id":1025,"date":"2021-10-12T17:56:44","date_gmt":"2021-10-12T15:56:44","guid":{"rendered":"https:\/\/fppic.ch\/governance\/"},"modified":"2023-12-11T10:35:41","modified_gmt":"2023-12-11T09:35:41","slug":"governance","status":"publish","type":"page","link":"https:\/\/fppic.ch\/de\/portraet\/governance\/","title":{"rendered":"Governance"},"content":{"rendered":"<p>[et_pb_section fb_built=&#8220;1&#8243; _builder_version=&#8220;4.11.1&#8243; _module_preset=&#8220;default&#8220; custom_padding=&#8220;0px||0px||false|false&#8220; saved_tabs=&#8220;all&#8220; global_colors_info=&#8220;{}&#8220;][et_pb_row _builder_version=&#8220;4.11.2&#8243; _module_preset=&#8220;default&#8220; min_height=&#8220;280px&#8220; custom_margin=&#8220;|auto|0px|auto|false|false&#8220; custom_padding=&#8220;40px||50px||false|false&#8220; global_colors_info=&#8220;{}&#8220;][et_pb_column type=&#8220;4_4&#8243; _builder_version=&#8220;4.11.1&#8243; _module_preset=&#8220;default&#8220; global_colors_info=&#8220;{}&#8220;][et_pb_post_title meta=&#8220;off&#8220; featured_image=&#8220;off&#8220; _builder_version=&#8220;4.11.1&#8243; _module_preset=&#8220;default&#8220; title_font=&#8220;Poppins|600|||||||&#8220; title_text_color=&#8220;#9F0243&#8243; title_font_size=&#8220;37px&#8220; global_colors_info=&#8220;{}&#8220;][\/et_pb_post_title][et_pb_text _builder_version=&#8220;4.11.1&#8243; _module_preset=&#8220;default&#8220; text_font_size=&#8220;16px&#8220; global_colors_info=&#8220;{}&#8220;]<\/p>\n<p>Vorsorgeeinrichtungen m\u00fcssen heute Fragen der Governance hohen Wert zumessen. Regeln bez\u00fcglich Organisation (z.\u00a0B. berufliche Qualifikation), Verhalten (z.\u00a0B. ethische und moralische Integrit\u00e4t) sowie Transparenz und Kommunikation sind besonders wichtig in einer Zeit, in der die berufliche Vorsorge neuen, insbesondere demographischen (Alterung der Bev\u00f6lkerung) und wirtschaftlichen (Finanzkrise) Herausforderungen gegen\u00fcbersteht.<\/p>\n<p>Das Verhalten der Verantwortlichen von Pensionskassen muss hohen ethischen Anspr\u00fcchen gerecht werden, um die Interessen der Versicherten und der Rentenbez\u00fcger\/-innen uneingeschr\u00e4nkt zu wahren.<br \/>Die FPPIC ist sich dieser Verantwortung bewusst und hat in Sachen Loyalit\u00e4t und Integrit\u00e4t Vorschriften verabschiedet, die den gesetzlichen Bestimmungen in Bezug auf die Verwaltung von Verm\u00f6gen der beruflichen Vorsorge gerecht werden.<\/p>\n<p>[\/et_pb_text][\/et_pb_column][\/et_pb_row][\/et_pb_section][et_pb_section fb_built=&#8220;1&#8243; specialty=&#8220;on&#8220; custom_padding_last_edited=&#8220;off|desktop&#8220; padding_top_bottom_link_2=&#8220;false&#8220; padding_left_right_link_2=&#8220;false&#8220; padding_top_2=&#8220;250px&#8220; padding_2_tablet=&#8220;0px||||false|false&#8220; padding_2_phone=&#8220;&#8220; padding_2_last_edited=&#8220;on|tablet&#8220; disabled_on=&#8220;off|off|off&#8220; admin_label=&#8220;Footer&#8220; _builder_version=&#8220;4.11.1&#8243; _module_preset=&#8220;default&#8220; use_background_color_gradient=&#8220;on&#8220; background_color_gradient_start=&#8220;rgba(159,2,67,0.5)&#8220; background_color_gradient_end=&#8220;rgba(159,2,67,0.8)&#8220; background_color_gradient_overlays_image=&#8220;on&#8220; background_image=&#8220;https:\/\/fppic.ch\/wp-content\/uploads\/2021\/10\/Capture-de\u0301cran-2021-10-05-a\u0300-17.37.56.png&#8220; custom_padding=&#8220;8vw||8vw||true|false&#8220; custom_padding_tablet=&#8220;60px||60px||true|false&#8220; custom_padding_phone=&#8220;40px||40px||true|false&#8220; global_module=&#8220;142&#8243; saved_tabs=&#8220;all&#8220; locked=&#8220;off&#8220; global_colors_info=&#8220;{}&#8220;][et_pb_column type=&#8220;2_3&#8243; specialty_columns=&#8220;2&#8243; _builder_version=&#8220;3.25&#8243; custom_padding=&#8220;|||&#8220; global_colors_info=&#8220;{}&#8220; custom_padding__hover=&#8220;|||&#8220;][et_pb_row_inner _builder_version=&#8220;4.7.4&#8243; _module_preset=&#8220;default&#8220; custom_padding=&#8220;0px|||||&#8220; global_colors_info=&#8220;{}&#8220;][et_pb_column_inner saved_specialty_column_type=&#8220;2_3&#8243; _builder_version=&#8220;4.7.4&#8243; _module_preset=&#8220;default&#8220; global_colors_info=&#8220;{}&#8220;][et_pb_text _builder_version=&#8220;4.11.1&#8243; _module_preset=&#8220;default&#8220; header_2_font=&#8220;Poppins|600|||||||&#8220; header_2_font_size=&#8220;40px&#8220; background_layout=&#8220;dark&#8220; header_2_font_size_tablet=&#8220;30px&#8220; header_2_font_size_phone=&#8220;24px&#8220; header_2_font_size_last_edited=&#8220;on|tablet&#8220; header_2_text_shadow_style=&#8220;preset3&#8243; locked=&#8220;off&#8220; global_colors_info=&#8220;{}&#8220;]<\/p>\n<h2>Wir sind da, wenn Sie uns brauchen<\/h2>\n<p>[\/et_pb_text][\/et_pb_column_inner][\/et_pb_row_inner][et_pb_row_inner column_structure=&#8220;1_2,1_2&#8243; use_custom_gutter=&#8220;on&#8220; gutter_width=&#8220;1&#8243; make_equal=&#8220;on&#8220; _builder_version=&#8220;4.11.1&#8243; _module_preset=&#8220;default&#8220; custom_padding=&#8220;0px||0px||true|false&#8220; animation_style=&#8220;flip&#8220; animation_direction=&#8220;top&#8220; animation_duration=&#8220;500ms&#8220; animation_intensity_flip=&#8220;10%&#8220; border_radii=&#8220;off|40px|||&#8220; border_radii_tablet=&#8220;&#8220; border_radii_phone=&#8220;off|20px|||&#8220; border_radii_last_edited=&#8220;on|phone&#8220; global_colors_info=&#8220;{}&#8220;][et_pb_column_inner type=&#8220;1_2&#8243; saved_specialty_column_type=&#8220;2_3&#8243; _builder_version=&#8220;4.11.1&#8243; _module_preset=&#8220;default&#8220; background_color=&#8220;#FFFFFF&#8220; custom_padding=&#8220;40px|30px|40px|30px|true|true&#8220; custom_padding_tablet=&#8220;30px|30px|30px|30px|true|true&#8220; custom_padding_phone=&#8220;20px|20px|20px|20px|true|true&#8220; custom_padding_last_edited=&#8220;on|phone&#8220; custom_css_main_element=&#8220;margin-right: 2px!important;&#8220; global_colors_info=&#8220;{}&#8220;][et_pb_blurb title=&#8220;E-Mail-Adresse&#8220; use_icon=&#8220;on&#8220; font_icon=&#8220;%%238%%&#8220; icon_color=&#8220;#9F0243&#8243; content_max_width=&#8220;100%&#8220; use_icon_font_size=&#8220;on&#8220; icon_font_size=&#8220;50px&#8220; _builder_version=&#8220;4.11.2&#8243; _module_preset=&#8220;default&#8220; header_font=&#8220;Work Sans||||||||&#8220; header_text_color=&#8220;#002725&#8243; header_font_size=&#8220;16px&#8220; header_line_height=&#8220;1.2em&#8220; body_font=&#8220;Poppins|600|||||||&#8220; body_text_color=&#8220;#002725&#8243; body_font_size=&#8220;20px&#8220; body_line_height=&#8220;1.6em&#8220; body_link_text_color=&#8220;#000000&#8243; text_orientation=&#8220;center&#8220; animation=&#8220;off&#8220; header_font_size_tablet=&#8220;&#8220; header_font_size_phone=&#8220;14px&#8220; header_font_size_last_edited=&#8220;on|phone&#8220; body_font_size_tablet=&#8220;18px&#8220; body_font_size_phone=&#8220;16px&#8220; body_font_size_last_edited=&#8220;on|phone&#8220; locked=&#8220;off&#8220; global_colors_info=&#8220;{}&#8220;]<\/p>\n<p><a href=\"mailto:prevoyance@cath-vd.ch\">prevoyance@cath-vd.ch<\/a><\/p>\n<p>[\/et_pb_blurb][\/et_pb_column_inner][et_pb_column_inner type=&#8220;1_2&#8243; saved_specialty_column_type=&#8220;2_3&#8243; _builder_version=&#8220;4.11.1&#8243; _module_preset=&#8220;default&#8220; background_color=&#8220;#FFFFFF&#8220; custom_padding=&#8220;40px|30px|40px|30px|true|true&#8220; custom_padding_tablet=&#8220;30px|30px|30px|30px|true|true&#8220; custom_padding_phone=&#8220;20px|20px|20px|20px|true|true&#8220; custom_padding_last_edited=&#8220;on|phone&#8220; global_colors_info=&#8220;{}&#8220;][et_pb_blurb title=&#8220;Telefon&#8220; use_icon=&#8220;on&#8220; font_icon=&#8220;%%264%%&#8220; icon_color=&#8220;#9F0243&#8243; content_max_width=&#8220;100%&#8220; use_icon_font_size=&#8220;on&#8220; icon_font_size=&#8220;50px&#8220; _builder_version=&#8220;4.11.2&#8243; _module_preset=&#8220;default&#8220; header_font=&#8220;Work Sans||||||||&#8220; header_font_size=&#8220;16px&#8220; header_line_height=&#8220;1.2em&#8220; body_font=&#8220;Poppins|600|||||||&#8220; body_text_color=&#8220;#000000&#8243; body_font_size=&#8220;20px&#8220; body_line_height=&#8220;1.6em&#8220; body_link_text_color=&#8220;#000000&#8243; text_orientation=&#8220;center&#8220; animation=&#8220;off&#8220; header_font_size_tablet=&#8220;&#8220; header_font_size_phone=&#8220;14px&#8220; header_font_size_last_edited=&#8220;on|phone&#8220; body_font_size_tablet=&#8220;18px&#8220; body_font_size_phone=&#8220;16px&#8220; body_font_size_last_edited=&#8220;on|phone&#8220; locked=&#8220;off&#8220; global_colors_info=&#8220;{}&#8220;]<\/p>\n<p><a href=\"Tel.:+41216132303\">021 613 23 03<\/a><\/p>\n<p>[\/et_pb_blurb][\/et_pb_column_inner][\/et_pb_row_inner][et_pb_row_inner column_structure=&#8220;1_2,1_2&#8243; use_custom_gutter=&#8220;on&#8220; gutter_width=&#8220;1&#8243; make_equal=&#8220;on&#8220; _builder_version=&#8220;4.11.1&#8243; _module_preset=&#8220;default&#8220; width=&#8220;100%&#8220; custom_margin=&#8220;2px||||false|false&#8220; custom_padding=&#8220;0px|0px|0px|0px|true|false&#8220; animation_style=&#8220;flip&#8220; animation_direction=&#8220;top&#8220; animation_duration=&#8220;500ms&#8220; animation_intensity_flip=&#8220;10%&#8220; border_radii=&#8220;off|||40px|&#8220; border_radii_tablet=&#8220;&#8220; border_radii_phone=&#8220;off|||20px|&#8220; border_radii_last_edited=&#8220;on|phone&#8220; global_colors_info=&#8220;{}&#8220;][et_pb_column_inner type=&#8220;1_2&#8243; saved_specialty_column_type=&#8220;2_3&#8243; _builder_version=&#8220;4.11.1&#8243; _module_preset=&#8220;default&#8220; background_color=&#8220;#FFFFFF&#8220; custom_padding=&#8220;40px|30px|40px|30px|true|true&#8220; custom_padding_tablet=&#8220;30px|30px|30px|30px|true|true&#8220; custom_padding_phone=&#8220;20px|20px|20px|20px|true|true&#8220; custom_padding_last_edited=&#8220;on|phone&#8220; custom_css_main_element=&#8220;margin-right: 2px!important;&#8220; global_colors_info=&#8220;{}&#8220;][et_pb_blurb title=&#8220;\u00d6ffnungszeiten&#8220; use_icon=&#8220;on&#8220; font_icon=&#8220;%%227%%&#8220; icon_color=&#8220;#9F0243&#8243; content_max_width=&#8220;100%&#8220; use_icon_font_size=&#8220;on&#8220; icon_font_size=&#8220;50px&#8220; _builder_version=&#8220;4.11.2&#8243; _module_preset=&#8220;default&#8220; header_font=&#8220;Work Sans||||||||&#8220; header_font_size=&#8220;16px&#8220; header_line_height=&#8220;1.2em&#8220; body_font=&#8220;Poppins|600|||||||&#8220; body_text_color=&#8220;#000000&#8243; body_font_size=&#8220;20px&#8220; body_line_height=&#8220;1.6em&#8220; text_orientation=&#8220;center&#8220; animation=&#8220;off&#8220; header_font_size_tablet=&#8220;&#8220; header_font_size_phone=&#8220;14px&#8220; header_font_size_last_edited=&#8220;on|phone&#8220; body_font_size_tablet=&#8220;18px&#8220; body_font_size_phone=&#8220;16px&#8220; body_font_size_last_edited=&#8220;on|phone&#8220; locked=&#8220;off&#8220; global_colors_info=&#8220;{}&#8220;]<\/p>\n<p>Montag bis Donnerstag<br \/>von 8.30 bis 11.30 Uhr<\/p>\n<p>[\/et_pb_blurb][\/et_pb_column_inner][et_pb_column_inner type=&#8220;1_2&#8243; saved_specialty_column_type=&#8220;2_3&#8243; _builder_version=&#8220;4.11.1&#8243; _module_preset=&#8220;default&#8220; background_color=&#8220;#FFFFFF&#8220; custom_padding=&#8220;40px|30px|40px|30px|true|true&#8220; custom_padding_tablet=&#8220;30px|30px|30px|30px|true|true&#8220; custom_padding_phone=&#8220;20px|20px|20px|20px|true|true&#8220; custom_padding_last_edited=&#8220;on|phone&#8220; global_colors_info=&#8220;{}&#8220;][et_pb_blurb title=&#8220;Postadresse&#8220; use_icon=&#8220;on&#8220; font_icon=&#8220;%%248%%&#8220; icon_color=&#8220;#9F0243&#8243; content_max_width=&#8220;100%&#8220; use_icon_font_size=&#8220;on&#8220; icon_font_size=&#8220;50px&#8220; _builder_version=&#8220;4.11.2&#8243; _module_preset=&#8220;default&#8220; header_font=&#8220;Work Sans||||||||&#8220; header_font_size=&#8220;16px&#8220; header_line_height=&#8220;1.2em&#8220; body_font=&#8220;Poppins|600|||||||&#8220; body_text_color=&#8220;#000000&#8243; body_font_size=&#8220;20px&#8220; body_line_height=&#8220;1.6em&#8220; text_orientation=&#8220;center&#8220; animation=&#8220;off&#8220; header_font_size_tablet=&#8220;&#8220; header_font_size_phone=&#8220;14px&#8220; header_font_size_last_edited=&#8220;on|phone&#8220; body_font_size_tablet=&#8220;18px&#8220; body_font_size_phone=&#8220;16px&#8220; body_font_size_last_edited=&#8220;on|phone&#8220; locked=&#8220;off&#8220; global_colors_info=&#8220;{}&#8220;]<\/p>\n<p>Ch. des Mouettes 4<br \/>Postfach 600<br \/>1001 Lausanne<\/p>\n<p>[\/et_pb_blurb][\/et_pb_column_inner][\/et_pb_row_inner][\/et_pb_column][et_pb_column type=&#8220;1_3&#8243; _builder_version=&#8220;3.25&#8243; custom_padding=&#8220;|||&#8220; global_colors_info=&#8220;{}&#8220; custom_padding__hover=&#8220;|||&#8220;][et_pb_text _builder_version=&#8220;4.11.1&#8243; _module_preset=&#8220;default&#8220; text_font=&#8220;Work Sans||||||||&#8220; text_font_size=&#8220;16px&#8220; text_line_height=&#8220;2.2em&#8220; link_font=&#8220;||||on||||&#8220; link_text_color=&#8220;#ffffff&#8220; header_3_font=&#8220;Poppins|700|||||||&#8220; header_3_font_size=&#8220;18px&#8220; header_3_line_height=&#8220;1.4em&#8220; background_layout=&#8220;dark&#8220; text_font_size_tablet=&#8220;14px&#8220; text_font_size_phone=&#8220;&#8220; text_font_size_last_edited=&#8220;on|phone&#8220; text_line_height_tablet=&#8220;2.6em&#8220; text_line_height_phone=&#8220;&#8220; text_line_height_last_edited=&#8220;on|phone&#8220; header_3_font_size_tablet=&#8220;16px&#8220; header_3_font_size_phone=&#8220;14px&#8220; header_3_font_size_last_edited=&#8220;on|phone&#8220; locked=&#8220;off&#8220; global_colors_info=&#8220;{}&#8220;]<\/p>\n<h3>Direkte Links<\/h3>\n<p><a href=\"#\">Reglement 2021<\/a><br \/><a href=\"#\">Datenschutz und Warnhinweis<\/a><br \/><a href=\"#\">Kontakt<\/a><\/p>\n<p>[\/et_pb_text][\/et_pb_column][\/et_pb_section]<\/p>\n","protected":false},"excerpt":{"rendered":"<p>Vorsorgeeinrichtungen m\u00fcssen heute Fragen der Governance hohen Wert zumessen. Regeln bez\u00fcglich Organisation (z.\u00a0B. berufliche Qualifikation), Verhalten (z.\u00a0B. ethische und moralische Integrit\u00e4t) sowie Transparenz und Kommunikation sind besonders wichtig in einer Zeit, in der die berufliche Vorsorge neuen, insbesondere demographischen (Alterung der Bev\u00f6lkerung) und wirtschaftlichen (Finanzkrise) Herausforderungen gegen\u00fcbersteht. Das Verhalten der Verantwortlichen von Pensionskassen muss hohen [&hellip;]<\/p>\n","protected":false},"author":1,"featured_media":0,"parent":1043,"menu_order":3,"comment_status":"closed","ping_status":"closed","template":"","meta":{"_et_pb_use_builder":"on","_et_pb_old_content":"","_et_gb_content_width":"","footnotes":""},"class_list":["post-1025","page","type-page","status-publish","hentry"],"_links":{"self":[{"href":"https:\/\/fppic.ch\/de\/wp-json\/wp\/v2\/pages\/1025","targetHints":{"allow":["GET"]}}],"collection":[{"href":"https:\/\/fppic.ch\/de\/wp-json\/wp\/v2\/pages"}],"about":[{"href":"https:\/\/fppic.ch\/de\/wp-json\/wp\/v2\/types\/page"}],"author":[{"embeddable":true,"href":"https:\/\/fppic.ch\/de\/wp-json\/wp\/v2\/users\/1"}],"replies":[{"embeddable":true,"href":"https:\/\/fppic.ch\/de\/wp-json\/wp\/v2\/comments?post=1025"}],"version-history":[{"count":2,"href":"https:\/\/fppic.ch\/de\/wp-json\/wp\/v2\/pages\/1025\/revisions"}],"predecessor-version":[{"id":1027,"href":"https:\/\/fppic.ch\/de\/wp-json\/wp\/v2\/pages\/1025\/revisions\/1027"}],"up":[{"embeddable":true,"href":"https:\/\/fppic.ch\/de\/wp-json\/wp\/v2\/pages\/1043"}],"wp:attachment":[{"href":"https:\/\/fppic.ch\/de\/wp-json\/wp\/v2\/media?parent=1025"}],"curies":[{"name":"wp","href":"https:\/\/api.w.org\/{rel}","templated":true}]}}