{"id":492,"date":"2021-11-21T23:04:13","date_gmt":"2021-11-21T22:04:13","guid":{"rendered":"https:\/\/fppic.ch\/?page_id=492"},"modified":"2025-01-07T11:57:43","modified_gmt":"2025-01-07T10:57:43","slug":"strategie-de-placement","status":"publish","type":"page","link":"https:\/\/fppic.ch\/fr\/gestion-financiere\/strategie-de-placement\/","title":{"rendered":"Strat\u00e9gie de placement"},"content":{"rendered":"<p>[et_pb_section fb_built=\u00a0\u00bb1&Prime; admin_label=\u00a0\u00bbServices\u00a0\u00bb _builder_version=\u00a0\u00bb4.16&Prime; _module_preset=\u00a0\u00bbdefault\u00a0\u00bb custom_padding=\u00a0\u00bb0px||0px||true|\u00a0\u00bb locked=\u00a0\u00bboff\u00a0\u00bb global_colors_info=\u00a0\u00bb{}\u00a0\u00bb][et_pb_row _builder_version=\u00a0\u00bb4.16&Prime; _module_preset=\u00a0\u00bbdefault\u00a0\u00bb custom_padding=\u00a0\u00bb40px||50px||false|false\u00a0\u00bb global_colors_info=\u00a0\u00bb{}\u00a0\u00bb][et_pb_column type=\u00a0\u00bb4_4&Prime; _builder_version=\u00a0\u00bb4.16&Prime; _module_preset=\u00a0\u00bbdefault\u00a0\u00bb global_colors_info=\u00a0\u00bb{}\u00a0\u00bb][et_pb_post_title meta=\u00a0\u00bboff\u00a0\u00bb featured_image=\u00a0\u00bboff\u00a0\u00bb _builder_version=\u00a0\u00bb4.16&Prime; _module_preset=\u00a0\u00bbdefault\u00a0\u00bb title_font=\u00a0\u00bbPoppins|600|||||||\u00a0\u00bb title_text_color=\u00a0\u00bb#9F0243&Prime; title_font_size=\u00a0\u00bb37px\u00a0\u00bb global_colors_info=\u00a0\u00bb{}\u00a0\u00bb][\/et_pb_post_title][et_pb_text _builder_version=\u00a0\u00bb4.27.4&Prime; _module_preset=\u00a0\u00bbdefault\u00a0\u00bb text_font_size=\u00a0\u00bb16px\u00a0\u00bb hover_enabled=\u00a0\u00bb0&Prime; global_colors_info=\u00a0\u00bb{}\u00a0\u00bb sticky_enabled=\u00a0\u00bb0&Prime;]<\/p>\n<table width=\"443\" style=\"height: 922px;\">\n<tbody>\n<tr style=\"height: 72px;\">\n<td style=\"width: 154.016px; height: 72px;\"><strong>Cat\u00e9gories de placement<\/strong><\/td>\n<td style=\"width: 123.047px; height: 72px;\"><strong>Allocation strat\u00e9gique en %<\/strong><\/td>\n<td colspan=\"2\" style=\"width: 143.938px; text-align: center; height: 72px;\"><strong>Marges<\/strong><\/td>\n<\/tr>\n<tr style=\"height: 24px;\">\n<td style=\"width: 154.016px; height: 24px;\"><\/td>\n<td style=\"width: 123.047px; height: 24px;\"><\/td>\n<td colspan=\"2\" style=\"width: 143.938px; text-align: center; height: 24px;\">en %<\/td>\n<\/tr>\n<tr style=\"height: 24px;\">\n<td style=\"width: 154.016px; height: 24px;\">1) March\u00e9 mon\u00e9taire<\/td>\n<td style=\"width: 123.047px; text-align: center; height: 24px;\">1<\/td>\n<td style=\"width: 55.875px; text-align: center; height: 24px;\">1<\/td>\n<td style=\"width: 82.0625px; text-align: center; height: 24px;\">30<\/td>\n<\/tr>\n<tr style=\"height: 24px;\">\n<td style=\"width: 154.016px; height: 24px;\">2) Hypoth\u00e8ques<\/td>\n<td style=\"width: 123.047px; text-align: center; height: 24px;\">0<\/td>\n<td style=\"width: 55.875px; text-align: center; height: 24px;\">0<\/td>\n<td style=\"width: 82.0625px; text-align: center; height: 24px;\">1<\/td>\n<\/tr>\n<tr style=\"height: 192px;\">\n<td style=\"width: 154.016px; height: 192px;\">3) Fonds de placement hypoth\u00e9caires, lettres de gage, obligations suisses en CHF, obligations \u00e9trang\u00e8res en CHF d&rsquo;entreprises<\/td>\n<td style=\"width: 123.047px; text-align: center; height: 192px;\">8<\/td>\n<td style=\"width: 55.875px; text-align: center; height: 192px;\">3<\/td>\n<td style=\"width: 82.0625px; text-align: center; height: 192px;\">13<\/td>\n<\/tr>\n<tr style=\"height: 72px;\">\n<td style=\"width: 154.016px; height: 72px;\">4) Obligations gouvernementales en monnaies \u00e9trang\u00e8res<\/td>\n<td style=\"width: 123.047px; text-align: center; height: 72px;\">0<\/td>\n<td style=\"width: 55.875px; text-align: center; height: 72px;\">0<\/td>\n<td style=\"width: 82.0625px; text-align: center; height: 72px;\">5<\/td>\n<\/tr>\n<tr style=\"height: 72px;\">\n<td style=\"width: 154.016px; height: 72px;\">5) Obligations d&rsquo;entreprises en monnaies \u00e9trang\u00e8res<\/td>\n<td style=\"width: 123.047px; text-align: center; height: 72px;\">5<\/td>\n<td style=\"width: 55.875px; text-align: center; height: 72px;\">0<\/td>\n<td style=\"width: 82.0625px; text-align: center; height: 72px;\">10<\/td>\n<\/tr>\n<tr style=\"height: 24px;\">\n<td style=\"width: 154.016px; height: 24px;\">6) Actions suisses<\/td>\n<td style=\"width: 123.047px; text-align: center; height: 24px;\">15<\/td>\n<td style=\"width: 55.875px; text-align: center; height: 24px;\">10<\/td>\n<td style=\"width: 82.0625px; text-align: center; height: 24px;\">20<\/td>\n<\/tr>\n<tr style=\"height: 24px;\">\n<td style=\"width: 154.016px; height: 24px;\">7) Actions \u00e9trang\u00e8res<\/td>\n<td style=\"width: 123.047px; text-align: center; height: 24px;\">15<\/td>\n<td style=\"width: 55.875px; text-align: center; height: 24px;\">10<\/td>\n<td style=\"width: 82.0625px; text-align: center; height: 24px;\">20<\/td>\n<\/tr>\n<tr style=\"height: 48px;\">\n<td style=\"width: 154.016px; height: 48px;\">8) Immobilier direct en Suisse<\/td>\n<td style=\"width: 123.047px; text-align: center; height: 48px;\">12<\/td>\n<td style=\"width: 55.875px; text-align: center; height: 48px;\">7<\/td>\n<td style=\"width: 82.0625px; text-align: center; height: 48px;\">17<\/td>\n<\/tr>\n<tr style=\"height: 0px;\">\n<td style=\"width: 154.016px; height: 10px;\">9) Immobilier indirect en Suisse (Fds)<\/td>\n<td style=\"width: 123.047px; text-align: center; height: 10px;\">10<\/td>\n<td style=\"width: 55.875px; text-align: center; height: 10px;\">5<\/td>\n<td style=\"width: 82.0625px; text-align: center; height: 10px;\">15<\/td>\n<\/tr>\n<tr style=\"height: 48px;\">\n<td style=\"width: 154.016px; height: 48px;\">10) Immobilier indirect en Suisse (Fondations)<\/td>\n<td style=\"width: 123.047px; text-align: center; height: 48px;\">8<\/td>\n<td style=\"width: 55.875px; text-align: center; height: 48px;\">3<\/td>\n<td style=\"width: 82.0625px; text-align: center; height: 48px;\">13<\/td>\n<\/tr>\n<tr style=\"height: 48px;\">\n<td style=\"width: 154.016px; height: 48px;\">11) Immobilier non cot\u00e9 \u00e0 l\u2019\u00e9tranger<\/td>\n<td style=\"width: 123.047px; text-align: center; height: 48px;\">5<\/td>\n<td style=\"width: 55.875px; text-align: center; height: 48px;\">3<\/td>\n<td style=\"width: 82.0625px; text-align: center; height: 48px;\">7<\/td>\n<\/tr>\n<tr style=\"height: 24px;\">\n<td style=\"width: 154.016px; height: 24px;\">12) Infrastructures<\/td>\n<td style=\"width: 123.047px; text-align: center; height: 24px;\">5<\/td>\n<td style=\"width: 55.875px; text-align: center; height: 24px;\">3<\/td>\n<td style=\"width: 82.0625px; text-align: center; height: 24px;\">7<\/td>\n<\/tr>\n<tr style=\"height: 48px;\">\n<td style=\"width: 154.016px; height: 48px;\">Placement non-traditionnels<\/td>\n<td style=\"width: 123.047px; text-align: center; height: 48px;\"><\/td>\n<td style=\"width: 55.875px; text-align: center; height: 48px;\"><\/td>\n<td style=\"width: 82.0625px; text-align: center; height: 48px;\"><\/td>\n<\/tr>\n<tr>\n<td style=\"width: 154.016px;\">13) Opportunistes<\/td>\n<td style=\"width: 123.047px; text-align: center;\">0<\/td>\n<td style=\"width: 55.875px; text-align: center;\">0<\/td>\n<td style=\"width: 82.0625px; text-align: center;\">5<\/td>\n<\/tr>\n<tr style=\"height: 48px;\">\n<td style=\"width: 154.016px; height: 48px;\">14)\u00a0\u00a0 M\u00e9taux pr\u00e9cieux (Or)<\/td>\n<td style=\"width: 123.047px; text-align: center; height: 48px;\">3<\/td>\n<td style=\"width: 55.875px; text-align: center; height: 48px;\">1<\/td>\n<td style=\"width: 82.0625px; text-align: center; height: 48px;\">5<\/td>\n<\/tr>\n<tr>\n<td style=\"width: 154.016px;\">15) Dette priv\u00e9e<\/td>\n<td style=\"width: 123.047px; text-align: center;\">3<\/td>\n<td style=\"width: 55.875px; text-align: center;\">1<\/td>\n<td style=\"width: 82.0625px; text-align: center;\">5<\/td>\n<\/tr>\n<tr style=\"height: 24px;\">\n<td style=\"width: 154.016px; height: 24px;\">16) Private Equity<\/td>\n<td style=\"width: 123.047px; text-align: center; height: 24px;\">5<\/td>\n<td style=\"width: 55.875px; text-align: center; height: 24px;\">3<\/td>\n<td style=\"width: 82.0625px; text-align: center; height: 24px;\">7<\/td>\n<\/tr>\n<tr style=\"height: 48px;\">\n<td style=\"width: 154.016px; height: 48px;\">17) Insurance linked securities (ILS)<\/td>\n<td style=\"width: 123.047px; text-align: center; height: 48px;\">5<\/td>\n<td style=\"width: 55.875px; text-align: center; height: 48px;\">3<\/td>\n<td style=\"width: 82.0625px; text-align: center; height: 48px;\">7<\/td>\n<\/tr>\n<tr style=\"height: 24px;\">\n<td style=\"width: 154.016px; height: 24px;\">Total de l\u2019actif<\/td>\n<td style=\"width: 123.047px; text-align: center; height: 24px;\">100%<\/td>\n<td style=\"width: 55.875px; text-align: center; height: 24px;\"><\/td>\n<td style=\"width: 82.0625px; text-align: center; height: 24px;\"><\/td>\n<\/tr>\n<\/tbody>\n<\/table>\n<p>Ici, vous pouvez t\u00e9l\u00e9charger le\u00a0<a href=\"https:\/\/ecvd.sharepoint.com\/:b:\/s\/fppic\/Eftpox1TSdRFg3havlNzc6EBA5ThmuHh0XqvQZdDStTEHw\" target=\"_blank\" rel=\"noopener\">r\u00e8glement de placement<\/a>.<\/p>\n<p>[\/et_pb_text][\/et_pb_column][\/et_pb_row][\/et_pb_section][et_pb_section fb_built=\u00a0\u00bb1&Prime; specialty=\u00a0\u00bbon\u00a0\u00bb custom_padding_last_edited=\u00a0\u00bbon|desktop\u00a0\u00bb padding_top_2=\u00a0\u00bb250px\u00a0\u00bb padding_top_bottom_link_2=\u00a0\u00bbfalse\u00a0\u00bb padding_left_right_link_2=\u00a0\u00bbfalse\u00a0\u00bb padding_2_tablet=\u00a0\u00bb0px||||false|false\u00a0\u00bb padding_2_phone=\u00a0\u00bb\u00a0\u00bb padding_2_last_edited=\u00a0\u00bbon|tablet\u00a0\u00bb disabled_on=\u00a0\u00bboff|off|off\u00a0\u00bb admin_label=\u00a0\u00bbFooter\u00a0\u00bb _builder_version=\u00a0\u00bb4.16&Prime; _module_preset=\u00a0\u00bbdefault\u00a0\u00bb use_background_color_gradient=\u00a0\u00bbon\u00a0\u00bb background_color_gradient_stops=\u00a0\u00bbrgba(159,2,67,0.5) 0%|rgba(159,2,67,0.8) 100%\u00a0\u00bb background_color_gradient_overlays_image=\u00a0\u00bbon\u00a0\u00bb background_color_gradient_start=\u00a0\u00bbrgba(159,2,67,0.5)\u00a0\u00bb background_color_gradient_end=\u00a0\u00bbrgba(159,2,67,0.8)\u00a0\u00bb background_image=\u00a0\u00bbhttps:\/\/fppic.ch\/wp-content\/uploads\/2021\/12\/AdobeStock_104170773-1024&#215;576.jpeg\u00a0\u00bb custom_padding=\u00a0\u00bb3rem||3rem||true|false\u00a0\u00bb custom_padding_tablet=\u00a0\u00bb3rem||3rem||true|false\u00a0\u00bb custom_padding_phone=\u00a0\u00bb2rem||2rem||true|false\u00a0\u00bb background_color_gradient_stops_tablet=\u00a0\u00bbrgba(159,2,67,0.5) 0%|rgba(159,2,67,0.8) 100%\u00a0\u00bb background_color_gradient_stops_phone=\u00a0\u00bbrgba(159,2,67,0.5) 0%|rgba(159,2,67,0.8) 100%\u00a0\u00bb global_module=\u00a0\u00bb142&Prime; saved_tabs=\u00a0\u00bball\u00a0\u00bb locked=\u00a0\u00bboff\u00a0\u00bb global_colors_info=\u00a0\u00bb{}\u00a0\u00bb][et_pb_column type=\u00a0\u00bb2_3&Prime; specialty_columns=\u00a0\u00bb2&Prime; _builder_version=\u00a0\u00bb4.16&Prime; custom_padding=\u00a0\u00bb|||\u00a0\u00bb global_colors_info=\u00a0\u00bb{}\u00a0\u00bb custom_padding__hover=\u00a0\u00bb|||\u00a0\u00bb][et_pb_row_inner _builder_version=\u00a0\u00bb4.16&Prime; _module_preset=\u00a0\u00bbdefault\u00a0\u00bb custom_padding=\u00a0\u00bb0px|||||\u00a0\u00bb global_colors_info=\u00a0\u00bb{}\u00a0\u00bb][et_pb_column_inner saved_specialty_column_type=\u00a0\u00bb2_3&Prime; _builder_version=\u00a0\u00bb4.16&Prime; _module_preset=\u00a0\u00bbdefault\u00a0\u00bb global_colors_info=\u00a0\u00bb{}\u00a0\u00bb][et_pb_text _builder_version=\u00a0\u00bb4.24.2&Prime; _module_preset=\u00a0\u00bbdefault\u00a0\u00bb header_2_font=\u00a0\u00bbPoppins|600|||||||\u00a0\u00bb header_2_font_size=\u00a0\u00bb40px\u00a0\u00bb background_layout=\u00a0\u00bbdark\u00a0\u00bb header_2_font_size_tablet=\u00a0\u00bb30px\u00a0\u00bb header_2_font_size_phone=\u00a0\u00bb24px\u00a0\u00bb header_2_font_size_last_edited=\u00a0\u00bbon|tablet\u00a0\u00bb header_2_text_shadow_style=\u00a0\u00bbpreset3&Prime; locked=\u00a0\u00bboff\u00a0\u00bb global_colors_info=\u00a0\u00bb{}\u00a0\u00bb]<\/p>\n<h2>Nous sommes l\u00e0 quand vous avez besoin de nous<\/h2>\n<p>[\/et_pb_text][\/et_pb_column_inner][\/et_pb_row_inner][et_pb_row_inner column_structure=\u00a0\u00bb1_2,1_2&Prime; use_custom_gutter=\u00a0\u00bbon\u00a0\u00bb gutter_width=\u00a0\u00bb1&Prime; make_equal=\u00a0\u00bbon\u00a0\u00bb _builder_version=\u00a0\u00bb4.16&Prime; _module_preset=\u00a0\u00bbdefault\u00a0\u00bb custom_padding=\u00a0\u00bb0px||0px||true|false\u00a0\u00bb animation_style=\u00a0\u00bbflip\u00a0\u00bb animation_direction=\u00a0\u00bbtop\u00a0\u00bb animation_duration=\u00a0\u00bb500ms\u00a0\u00bb animation_intensity_flip=\u00a0\u00bb10%\u00a0\u00bb border_radii=\u00a0\u00bboff|40px|||\u00a0\u00bb border_radii_tablet=\u00a0\u00bb\u00a0\u00bb border_radii_phone=\u00a0\u00bboff|20px|||\u00a0\u00bb border_radii_last_edited=\u00a0\u00bbon|phone\u00a0\u00bb global_colors_info=\u00a0\u00bb{}\u00a0\u00bb][et_pb_column_inner type=\u00a0\u00bb1_2&Prime; saved_specialty_column_type=\u00a0\u00bb2_3&Prime; _builder_version=\u00a0\u00bb4.16&Prime; _module_preset=\u00a0\u00bbdefault\u00a0\u00bb background_color=\u00a0\u00bb#FFFFFF\u00a0\u00bb custom_padding=\u00a0\u00bb40px|30px|40px|30px|true|true\u00a0\u00bb custom_padding_tablet=\u00a0\u00bb30px|30px|30px|30px|true|true\u00a0\u00bb custom_padding_phone=\u00a0\u00bb20px|20px|20px|20px|true|true\u00a0\u00bb custom_padding_last_edited=\u00a0\u00bbon|phone\u00a0\u00bb custom_css_main_element=\u00a0\u00bbmargin-right: 2px!important;\u00a0\u00bb global_colors_info=\u00a0\u00bb{}\u00a0\u00bb][et_pb_blurb title=\u00a0\u00bbAdresse e-mail\u00a0\u00bb use_icon=\u00a0\u00bbon\u00a0\u00bb font_icon=\u00a0\u00bb&#xe076;||divi||400&Prime; icon_color=\u00a0\u00bb#9F0243&Prime; image_icon_width=\u00a0\u00bb50px\u00a0\u00bb content_max_width=\u00a0\u00bb100%\u00a0\u00bb _builder_version=\u00a0\u00bb4.24.2&Prime; _module_preset=\u00a0\u00bbdefault\u00a0\u00bb header_font=\u00a0\u00bbWork Sans||||||||\u00a0\u00bb header_text_color=\u00a0\u00bb#002725&Prime; header_font_size=\u00a0\u00bb16px\u00a0\u00bb header_line_height=\u00a0\u00bb1.2em\u00a0\u00bb body_font=\u00a0\u00bbPoppins|600|||||||\u00a0\u00bb body_text_color=\u00a0\u00bb#002725&Prime; body_font_size=\u00a0\u00bb20px\u00a0\u00bb body_line_height=\u00a0\u00bb1.6em\u00a0\u00bb body_link_text_color=\u00a0\u00bb#000000&Prime; text_orientation=\u00a0\u00bbcenter\u00a0\u00bb animation=\u00a0\u00bboff\u00a0\u00bb header_font_size_tablet=\u00a0\u00bb\u00a0\u00bb header_font_size_phone=\u00a0\u00bb14px\u00a0\u00bb header_font_size_last_edited=\u00a0\u00bbon|phone\u00a0\u00bb body_font_size_tablet=\u00a0\u00bb18px\u00a0\u00bb body_font_size_phone=\u00a0\u00bb16px\u00a0\u00bb body_font_size_last_edited=\u00a0\u00bbon|phone\u00a0\u00bb icon_font_size=\u00a0\u00bb50px\u00a0\u00bb locked=\u00a0\u00bboff\u00a0\u00bb global_colors_info=\u00a0\u00bb{}\u00a0\u00bb]<\/p>\n<p><a href=\"mailto:prevoyance@cath-vd.ch\">prevoyance@cath-vd.ch<\/a><\/p>\n<p>[\/et_pb_blurb][\/et_pb_column_inner][et_pb_column_inner type=\u00a0\u00bb1_2&Prime; saved_specialty_column_type=\u00a0\u00bb2_3&Prime; _builder_version=\u00a0\u00bb4.16&Prime; _module_preset=\u00a0\u00bbdefault\u00a0\u00bb background_color=\u00a0\u00bb#FFFFFF\u00a0\u00bb custom_padding=\u00a0\u00bb40px|30px|40px|30px|true|true\u00a0\u00bb custom_padding_tablet=\u00a0\u00bb30px|30px|30px|30px|true|true\u00a0\u00bb custom_padding_phone=\u00a0\u00bb20px|20px|20px|20px|true|true\u00a0\u00bb custom_padding_last_edited=\u00a0\u00bbon|phone\u00a0\u00bb global_colors_info=\u00a0\u00bb{}\u00a0\u00bb][et_pb_blurb title=\u00a0\u00bbT\u00e9l\u00e9phone\u00a0\u00bb use_icon=\u00a0\u00bbon\u00a0\u00bb font_icon=\u00a0\u00bb&#xe090;||divi||400&Prime; icon_color=\u00a0\u00bb#9F0243&Prime; image_icon_width=\u00a0\u00bb50px\u00a0\u00bb content_max_width=\u00a0\u00bb100%\u00a0\u00bb _builder_version=\u00a0\u00bb4.24.2&Prime; _module_preset=\u00a0\u00bbdefault\u00a0\u00bb header_font=\u00a0\u00bbWork Sans||||||||\u00a0\u00bb header_font_size=\u00a0\u00bb16px\u00a0\u00bb header_line_height=\u00a0\u00bb1.2em\u00a0\u00bb body_font=\u00a0\u00bbPoppins|600|||||||\u00a0\u00bb body_text_color=\u00a0\u00bb#000000&Prime; body_font_size=\u00a0\u00bb20px\u00a0\u00bb body_line_height=\u00a0\u00bb1.6em\u00a0\u00bb body_link_text_color=\u00a0\u00bb#000000&Prime; text_orientation=\u00a0\u00bbcenter\u00a0\u00bb animation=\u00a0\u00bboff\u00a0\u00bb header_font_size_tablet=\u00a0\u00bb\u00a0\u00bb header_font_size_phone=\u00a0\u00bb14px\u00a0\u00bb header_font_size_last_edited=\u00a0\u00bbon|phone\u00a0\u00bb body_font_size_tablet=\u00a0\u00bb18px\u00a0\u00bb body_font_size_phone=\u00a0\u00bb16px\u00a0\u00bb body_font_size_last_edited=\u00a0\u00bbon|phone\u00a0\u00bb icon_font_size=\u00a0\u00bb50px\u00a0\u00bb locked=\u00a0\u00bboff\u00a0\u00bb global_colors_info=\u00a0\u00bb{}\u00a0\u00bb]<\/p>\n<p><a href=\"Tel:+41216132303\">021 613 23 03<\/a><\/p>\n<p>[\/et_pb_blurb][\/et_pb_column_inner][\/et_pb_row_inner][et_pb_row_inner column_structure=\u00a0\u00bb1_2,1_2&Prime; use_custom_gutter=\u00a0\u00bbon\u00a0\u00bb gutter_width=\u00a0\u00bb1&Prime; make_equal=\u00a0\u00bbon\u00a0\u00bb _builder_version=\u00a0\u00bb4.16&Prime; _module_preset=\u00a0\u00bbdefault\u00a0\u00bb width=\u00a0\u00bb100%\u00a0\u00bb custom_margin=\u00a0\u00bb2px||||false|false\u00a0\u00bb custom_padding=\u00a0\u00bb0px|0px|0px|0px|true|false\u00a0\u00bb animation_style=\u00a0\u00bbflip\u00a0\u00bb animation_direction=\u00a0\u00bbtop\u00a0\u00bb animation_duration=\u00a0\u00bb500ms\u00a0\u00bb animation_intensity_flip=\u00a0\u00bb10%\u00a0\u00bb border_radii=\u00a0\u00bboff|||40px|\u00a0\u00bb border_radii_tablet=\u00a0\u00bb\u00a0\u00bb border_radii_phone=\u00a0\u00bboff|||20px|\u00a0\u00bb border_radii_last_edited=\u00a0\u00bbon|phone\u00a0\u00bb global_colors_info=\u00a0\u00bb{}\u00a0\u00bb][et_pb_column_inner type=\u00a0\u00bb1_2&Prime; saved_specialty_column_type=\u00a0\u00bb2_3&Prime; _builder_version=\u00a0\u00bb4.16&Prime; _module_preset=\u00a0\u00bbdefault\u00a0\u00bb background_color=\u00a0\u00bb#FFFFFF\u00a0\u00bb custom_padding=\u00a0\u00bb40px|30px|40px|30px|true|true\u00a0\u00bb custom_padding_tablet=\u00a0\u00bb30px|30px|30px|30px|true|true\u00a0\u00bb custom_padding_phone=\u00a0\u00bb20px|20px|20px|20px|true|true\u00a0\u00bb custom_padding_last_edited=\u00a0\u00bbon|phone\u00a0\u00bb custom_css_main_element=\u00a0\u00bbmargin-right: 2px!important;\u00a0\u00bb global_colors_info=\u00a0\u00bb{}\u00a0\u00bb][et_pb_blurb title=\u00a0\u00bbHeures d&rsquo;ouverture\u00a0\u00bb use_icon=\u00a0\u00bbon\u00a0\u00bb font_icon=\u00a0\u00bb&#xe06b;||divi||400&Prime; icon_color=\u00a0\u00bb#9F0243&Prime; image_icon_width=\u00a0\u00bb50px\u00a0\u00bb content_max_width=\u00a0\u00bb100%\u00a0\u00bb _builder_version=\u00a0\u00bb4.24.2&Prime; _module_preset=\u00a0\u00bbdefault\u00a0\u00bb header_font=\u00a0\u00bbWork Sans||||||||\u00a0\u00bb header_font_size=\u00a0\u00bb16px\u00a0\u00bb header_line_height=\u00a0\u00bb1.2em\u00a0\u00bb body_font=\u00a0\u00bbPoppins|600|||||||\u00a0\u00bb body_text_color=\u00a0\u00bb#000000&Prime; body_font_size=\u00a0\u00bb20px\u00a0\u00bb body_line_height=\u00a0\u00bb1.6em\u00a0\u00bb text_orientation=\u00a0\u00bbcenter\u00a0\u00bb animation=\u00a0\u00bboff\u00a0\u00bb header_font_size_tablet=\u00a0\u00bb\u00a0\u00bb header_font_size_phone=\u00a0\u00bb14px\u00a0\u00bb header_font_size_last_edited=\u00a0\u00bbon|phone\u00a0\u00bb body_font_size_tablet=\u00a0\u00bb18px\u00a0\u00bb body_font_size_phone=\u00a0\u00bb16px\u00a0\u00bb body_font_size_last_edited=\u00a0\u00bbon|phone\u00a0\u00bb icon_font_size=\u00a0\u00bb50px\u00a0\u00bb locked=\u00a0\u00bboff\u00a0\u00bb global_colors_info=\u00a0\u00bb{}\u00a0\u00bb]<\/p>\n<p>Lundi au jeudi<br \/>de 8h30 \u00e0 11h30<\/p>\n<p>[\/et_pb_blurb][\/et_pb_column_inner][et_pb_column_inner type=\u00a0\u00bb1_2&Prime; saved_specialty_column_type=\u00a0\u00bb2_3&Prime; _builder_version=\u00a0\u00bb4.16&Prime; _module_preset=\u00a0\u00bbdefault\u00a0\u00bb background_color=\u00a0\u00bb#FFFFFF\u00a0\u00bb custom_padding=\u00a0\u00bb40px|30px|40px|30px|true|true\u00a0\u00bb custom_padding_tablet=\u00a0\u00bb30px|30px|30px|30px|true|true\u00a0\u00bb custom_padding_phone=\u00a0\u00bb20px|20px|20px|20px|true|true\u00a0\u00bb custom_padding_last_edited=\u00a0\u00bbon|phone\u00a0\u00bb global_colors_info=\u00a0\u00bb{}\u00a0\u00bb][et_pb_blurb title=\u00a0\u00bbAdresse postale\u00a0\u00bb use_icon=\u00a0\u00bbon\u00a0\u00bb font_icon=\u00a0\u00bb&#xe080;||divi||400&Prime; icon_color=\u00a0\u00bb#9F0243&Prime; image_icon_width=\u00a0\u00bb50px\u00a0\u00bb content_max_width=\u00a0\u00bb100%\u00a0\u00bb _builder_version=\u00a0\u00bb4.24.2&Prime; _module_preset=\u00a0\u00bbdefault\u00a0\u00bb header_font=\u00a0\u00bbWork Sans||||||||\u00a0\u00bb header_font_size=\u00a0\u00bb16px\u00a0\u00bb header_line_height=\u00a0\u00bb1.2em\u00a0\u00bb body_font=\u00a0\u00bbPoppins|600|||||||\u00a0\u00bb body_text_color=\u00a0\u00bb#000000&Prime; body_font_size=\u00a0\u00bb20px\u00a0\u00bb body_line_height=\u00a0\u00bb1.6em\u00a0\u00bb text_orientation=\u00a0\u00bbcenter\u00a0\u00bb animation=\u00a0\u00bboff\u00a0\u00bb header_font_size_tablet=\u00a0\u00bb\u00a0\u00bb header_font_size_phone=\u00a0\u00bb14px\u00a0\u00bb header_font_size_last_edited=\u00a0\u00bbon|phone\u00a0\u00bb body_font_size_tablet=\u00a0\u00bb18px\u00a0\u00bb body_font_size_phone=\u00a0\u00bb16px\u00a0\u00bb body_font_size_last_edited=\u00a0\u00bbon|phone\u00a0\u00bb icon_font_size=\u00a0\u00bb50px\u00a0\u00bb locked=\u00a0\u00bboff\u00a0\u00bb global_colors_info=\u00a0\u00bb{}\u00a0\u00bb]<\/p>\n<p>Ch. des Mouettes 4<br \/>Case postale 600<br \/>1001 Lausanne<\/p>\n<p>[\/et_pb_blurb][\/et_pb_column_inner][\/et_pb_row_inner][\/et_pb_column][et_pb_column type=\u00a0\u00bb1_3&Prime; _builder_version=\u00a0\u00bb4.16&Prime; custom_padding=\u00a0\u00bb|||\u00a0\u00bb global_colors_info=\u00a0\u00bb{}\u00a0\u00bb custom_padding__hover=\u00a0\u00bb|||\u00a0\u00bb][et_pb_text _builder_version=\u00a0\u00bb4.24.2&Prime; _module_preset=\u00a0\u00bbdefault\u00a0\u00bb text_font=\u00a0\u00bbWork Sans||||||||\u00a0\u00bb text_font_size=\u00a0\u00bb16px\u00a0\u00bb text_line_height=\u00a0\u00bb2.2em\u00a0\u00bb link_font=\u00a0\u00bb||||on||||\u00a0\u00bb link_text_color=\u00a0\u00bb#ffffff\u00a0\u00bb header_3_font=\u00a0\u00bbPoppins|700|||||||\u00a0\u00bb header_3_font_size=\u00a0\u00bb18px\u00a0\u00bb header_3_line_height=\u00a0\u00bb1.4em\u00a0\u00bb background_layout=\u00a0\u00bbdark\u00a0\u00bb text_font_size_tablet=\u00a0\u00bb14px\u00a0\u00bb text_font_size_phone=\u00a0\u00bb\u00a0\u00bb text_font_size_last_edited=\u00a0\u00bbon|phone\u00a0\u00bb text_line_height_tablet=\u00a0\u00bb2.6em\u00a0\u00bb text_line_height_phone=\u00a0\u00bb\u00a0\u00bb text_line_height_last_edited=\u00a0\u00bbon|phone\u00a0\u00bb header_3_font_size_tablet=\u00a0\u00bb16px\u00a0\u00bb header_3_font_size_phone=\u00a0\u00bb14px\u00a0\u00bb header_3_font_size_last_edited=\u00a0\u00bbon|phone\u00a0\u00bb locked=\u00a0\u00bboff\u00a0\u00bb global_colors_info=\u00a0\u00bb{}\u00a0\u00bb]<\/p>\n<h3>Liens rapides<\/h3>\n<p><a href=\"https:\/\/ecvd.sharepoint.com\/:b:\/s\/fppic\/EQM7z7zbL6VOknnA8w0mOSoBgglvVYmXTUmIJjxLt8CvIA\" target=\"_blank\" rel=\"noopener\">R\u00e8glement de pr\u00e9voyance 2024<\/a><br \/><a href=\"https:\/\/fppic.ch\/fr\/avertissements\/\">Protection des donn\u00e9es et avertissement<\/a><br \/><a href=\"https:\/\/fppic.ch\/fr\/contact\/\">Contact<\/a><\/p>\n<p>[\/et_pb_text][\/et_pb_column][\/et_pb_section]<\/p>\n","protected":false},"excerpt":{"rendered":"<p>Cat\u00e9gories de placement Allocation strat\u00e9gique en % Marges en % 1) March\u00e9 mon\u00e9taire 1 1 30 2) Hypoth\u00e8ques 0 0 1 3) Fonds de placement hypoth\u00e9caires, lettres de gage, obligations suisses en CHF, obligations \u00e9trang\u00e8res en CHF d&rsquo;entreprises 8 3 13 4) Obligations gouvernementales en monnaies \u00e9trang\u00e8res 0 0 5 5) Obligations d&rsquo;entreprises en monnaies [&hellip;]<\/p>\n","protected":false},"author":1,"featured_media":0,"parent":312,"menu_order":0,"comment_status":"closed","ping_status":"closed","template":"","meta":{"_et_pb_use_builder":"on","_et_pb_old_content":"","_et_gb_content_width":"","footnotes":""},"class_list":["post-492","page","type-page","status-publish","hentry"],"_links":{"self":[{"href":"https:\/\/fppic.ch\/fr\/wp-json\/wp\/v2\/pages\/492","targetHints":{"allow":["GET"]}}],"collection":[{"href":"https:\/\/fppic.ch\/fr\/wp-json\/wp\/v2\/pages"}],"about":[{"href":"https:\/\/fppic.ch\/fr\/wp-json\/wp\/v2\/types\/page"}],"author":[{"embeddable":true,"href":"https:\/\/fppic.ch\/fr\/wp-json\/wp\/v2\/users\/1"}],"replies":[{"embeddable":true,"href":"https:\/\/fppic.ch\/fr\/wp-json\/wp\/v2\/comments?post=492"}],"version-history":[{"count":10,"href":"https:\/\/fppic.ch\/fr\/wp-json\/wp\/v2\/pages\/492\/revisions"}],"predecessor-version":[{"id":1515,"href":"https:\/\/fppic.ch\/fr\/wp-json\/wp\/v2\/pages\/492\/revisions\/1515"}],"up":[{"embeddable":true,"href":"https:\/\/fppic.ch\/fr\/wp-json\/wp\/v2\/pages\/312"}],"wp:attachment":[{"href":"https:\/\/fppic.ch\/fr\/wp-json\/wp\/v2\/media?parent=492"}],"curies":[{"name":"wp","href":"https:\/\/api.w.org\/{rel}","templated":true}]}}